{"id":762,"date":"2020-02-14T08:40:00","date_gmt":"2020-02-14T07:40:00","guid":{"rendered":"http:\/\/www.sb-erdbau.at\/?page_id=762"},"modified":"2020-02-24T11:21:25","modified_gmt":"2020-02-24T10:21:25","slug":"faellgreifer","status":"publish","type":"page","link":"https:\/\/www.sb-erdbau.at\/?page_id=762","title":{"rendered":"F\u00e4llgreifer"},"content":{"rendered":"\n<figure class=\"wp-block-video\"><video controls poster=\"http:\/\/www.sb-erdbau.at\/wp-content\/uploads\/2020\/01\/f\u00e4llgreifer_tn.jpg\" src=\"http:\/\/www.sb-erdbau.at\/wp-content\/uploads\/2020\/01\/F\u00e4llgreifer-kurz.mp4\"><\/video><\/figure>\n\n\n\n<p>Der F\u00e4llgreifer ist ein Anbauger\u00e4t f\u00fcr unseren Bagger TB290. In disem Video sieht man seinen Einsatz beim Holz und Wildwuchs roden. Mit der angebrachten Klinge wird Holz mit einem Durchmesser von bis zu 25 cm problemlos durchtrennt.<\/p>\n","protected":false},"excerpt":{"rendered":"<p>Der F\u00e4llgreifer ist ein Anbauger\u00e4t f\u00fcr unseren Bagger TB290. In disem Video sieht man seinen Einsatz beim Holz und Wildwuchs roden. Mit der angebrachten Klinge wird Holz mit einem Durchmesser von bis zu 25 cm problemlos durchtrennt.<\/p>\n","protected":false},"author":1,"featured_media":0,"parent":0,"menu_order":0,"comment_status":"closed","ping_status":"closed","template":"","meta":{"_acf_changed":false,"footnotes":""},"class_list":["post-762","page","type-page","status-publish","hentry"],"acf":[],"_links":{"self":[{"href":"https:\/\/www.sb-erdbau.at\/index.php?rest_route=\/wp\/v2\/pages\/762"}],"collection":[{"href":"https:\/\/www.sb-erdbau.at\/index.php?rest_route=\/wp\/v2\/pages"}],"about":[{"href":"https:\/\/www.sb-erdbau.at\/index.php?rest_route=\/wp\/v2\/types\/page"}],"author":[{"embeddable":true,"href":"https:\/\/www.sb-erdbau.at\/index.php?rest_route=\/wp\/v2\/users\/1"}],"replies":[{"embeddable":true,"href":"https:\/\/www.sb-erdbau.at\/index.php?rest_route=%2Fwp%2Fv2%2Fcomments&post=762"}],"version-history":[{"count":4,"href":"https:\/\/www.sb-erdbau.at\/index.php?rest_route=\/wp\/v2\/pages\/762\/revisions"}],"predecessor-version":[{"id":797,"href":"https:\/\/www.sb-erdbau.at\/index.php?rest_route=\/wp\/v2\/pages\/762\/revisions\/797"}],"wp:attachment":[{"href":"https:\/\/www.sb-erdbau.at\/index.php?rest_route=%2Fwp%2Fv2%2Fmedia&parent=762"}],"curies":[{"name":"wp","href":"https:\/\/api.w.org\/{rel}","templated":true}]}}