{"id":687,"date":"2020-02-13T12:13:52","date_gmt":"2020-02-13T11:13:52","guid":{"rendered":"http:\/\/www.sb-erdbau.at\/?page_id=687"},"modified":"2020-02-24T10:42:25","modified_gmt":"2020-02-24T09:42:25","slug":"leistungsuebersicht","status":"publish","type":"page","link":"https:\/\/www.sb-erdbau.at\/?page_id=687","title":{"rendered":"Baggerarbeiten"},"content":{"rendered":"\n<p style=\"font-size:18px\">Mit unseren verschiedenen Maschinen und Ger\u00e4ten sind wir bestens ger\u00fcstet um auf Ihr Bauvorhaben einzugehen. <\/p>\n\n\n\n<p style=\"font-size:18px\">Die Bagger von 1,9 bis 14 to sind neben den Grabl\u00f6ffeln auch mit Hydraulikhammer, Sortiergreifer und anderen Anbauger\u00e4ten ausgestattet. <\/p>\n\n\n\n<p style=\"font-size:18px\">Folgende Leistungen k\u00f6nnen somit bestens ausgef\u00fchrt werden:<\/p>\n\n\n\n<div class=\"wp-block-columns is-layout-flex wp-container-core-columns-is-layout-1 wp-block-columns-is-layout-flex\">\n<div class=\"wp-block-column is-layout-flow wp-block-column-is-layout-flow\" style=\"flex-basis:33.33%\">\n<div class=\"wp-block-media-text alignwide\" style=\"grid-template-columns:66% auto\"><figure class=\"wp-block-media-text__media\"><img loading=\"lazy\" decoding=\"async\" width=\"561\" height=\"558\" src=\"http:\/\/www.sb-erdbau.at\/wp-content\/uploads\/2020\/02\/TB219.jpg\" alt=\"\" class=\"wp-image-701\" srcset=\"https:\/\/www.sb-erdbau.at\/wp-content\/uploads\/2020\/02\/TB219.jpg 561w, https:\/\/www.sb-erdbau.at\/wp-content\/uploads\/2020\/02\/TB219-300x298.jpg 300w, https:\/\/www.sb-erdbau.at\/wp-content\/uploads\/2020\/02\/TB219-150x150.jpg 150w, https:\/\/www.sb-erdbau.at\/wp-content\/uploads\/2020\/02\/TB219-100x100.jpg 100w\" sizes=\"(max-width: 561px) 100vw, 561px\" \/><\/figure><div class=\"wp-block-media-text__content\">\n<p class=\"has-large-font-size\"><\/p>\n<\/div><\/div>\n<\/div>\n\n\n\n<div class=\"wp-block-column is-layout-flow wp-block-column-is-layout-flow\" style=\"flex-basis:66.66%\">\n<p style=\"font-size:18px\">\u25cf Aushub<br>\u25cf Abbruch<br>\u25cf Drainagierungen<br>\u25cf Leitungsbau<br>\u25cf Gel\u00e4ndekorrektur<br>\u25cf Stra\u00dfenbau<br>\u25cf Planierungen  <\/p>\n<\/div>\n<\/div>\n\n\n\n<p style=\"font-size:18px\"><br>Wir sind auch in der Lage Aufgaben, wie <strong>Wildwuchsrodung<\/strong> oder <strong>Erde sieben<\/strong>, mit diesen Anbauger\u00e4ten f\u00fcr den Bagger TB 290, zu erledigen.<\/p>\n\n\n\n<div class=\"wp-block-columns is-layout-flex wp-container-core-columns-is-layout-2 wp-block-columns-is-layout-flex\">\n<div class=\"wp-block-column is-layout-flow wp-block-column-is-layout-flow\">\n<a href=\"http:\/\/www.sb-erdbau.at\/?page_id=762\"><figure class=\"wp-block-image size-medium Leistungen\"><img loading=\"lazy\" decoding=\"async\" width=\"510\" height=\"510\" src=\"http:\/\/www.sb-erdbau.at\/wp-content\/uploads\/2020\/02\/F\u00e4llgreifer.jpg\" alt=\"\" class=\"wp-image-705\" srcset=\"https:\/\/www.sb-erdbau.at\/wp-content\/uploads\/2020\/02\/F\u00e4llgreifer.jpg 510w, https:\/\/www.sb-erdbau.at\/wp-content\/uploads\/2020\/02\/F\u00e4llgreifer-300x300.jpg 300w, https:\/\/www.sb-erdbau.at\/wp-content\/uploads\/2020\/02\/F\u00e4llgreifer-150x150.jpg 150w, https:\/\/www.sb-erdbau.at\/wp-content\/uploads\/2020\/02\/F\u00e4llgreifer-100x100.jpg 100w\" sizes=\"(max-width: 510px) 100vw, 510px\" \/><\/figure><\/a>\n\n\n\n<p><\/p>\n<\/div>\n\n\n\n<div class=\"wp-block-column is-layout-flow wp-block-column-is-layout-flow\">\n<a href=\"http:\/\/www.sb-erdbau.at\/?page_id=450\"><figure class=\"wp-block-image size-large Leistungen\"><img loading=\"lazy\" decoding=\"async\" width=\"510\" height=\"510\" src=\"http:\/\/www.sb-erdbau.at\/wp-content\/uploads\/2018\/02\/siebl\u00f6ffel.jpg\" alt=\"\" class=\"wp-image-483\" srcset=\"https:\/\/www.sb-erdbau.at\/wp-content\/uploads\/2018\/02\/siebl\u00f6ffel.jpg 510w, https:\/\/www.sb-erdbau.at\/wp-content\/uploads\/2018\/02\/siebl\u00f6ffel-150x150.jpg 150w, https:\/\/www.sb-erdbau.at\/wp-content\/uploads\/2018\/02\/siebl\u00f6ffel-300x300.jpg 300w, https:\/\/www.sb-erdbau.at\/wp-content\/uploads\/2018\/02\/siebl\u00f6ffel-200x200.jpg 200w\" sizes=\"(max-width: 510px) 100vw, 510px\" \/><\/figure><\/a>\n<\/div>\n<\/div>\n\n\n\n<hr class=\"wp-block-separator\"\/>\n\n\n\n<p>Der An- und Abtransport der Materialien erfolgt nat\u00fcrlich auch aus eigener Hand.<\/p>\n\n\n\n<figure class=\"wp-block-gallery columns-1\"><ul class=\"blocks-gallery-grid\"><li class=\"blocks-gallery-item\"><figure><img loading=\"lazy\" decoding=\"async\" width=\"1024\" height=\"576\" src=\"http:\/\/www.sb-erdbau.at\/wp-content\/uploads\/2020\/01\/4-1024x576.jpg\" alt=\"\" data-id=\"651\" data-full-url=\"http:\/\/www.sb-erdbau.at\/wp-content\/uploads\/2020\/01\/4.jpg\" data-link=\"http:\/\/www.sb-erdbau.at\/?attachment_id=651\" class=\"wp-image-651\" srcset=\"https:\/\/www.sb-erdbau.at\/wp-content\/uploads\/2020\/01\/4-1024x576.jpg 1024w, https:\/\/www.sb-erdbau.at\/wp-content\/uploads\/2020\/01\/4-300x169.jpg 300w, https:\/\/www.sb-erdbau.at\/wp-content\/uploads\/2020\/01\/4-768x432.jpg 768w, https:\/\/www.sb-erdbau.at\/wp-content\/uploads\/2020\/01\/4-1536x864.jpg 1536w, https:\/\/www.sb-erdbau.at\/wp-content\/uploads\/2020\/01\/4.jpg 1920w\" sizes=\"(max-width: 706px) 89vw, (max-width: 767px) 82vw, 740px\" \/><\/figure><\/li><li class=\"blocks-gallery-item\"><figure><img loading=\"lazy\" decoding=\"async\" width=\"1024\" height=\"576\" src=\"http:\/\/www.sb-erdbau.at\/wp-content\/uploads\/2020\/02\/32-1024x576.jpg\" alt=\"\" data-id=\"732\" data-full-url=\"http:\/\/www.sb-erdbau.at\/wp-content\/uploads\/2020\/02\/32.jpg\" data-link=\"http:\/\/www.sb-erdbau.at\/?attachment_id=732\" class=\"wp-image-732\" srcset=\"https:\/\/www.sb-erdbau.at\/wp-content\/uploads\/2020\/02\/32-1024x576.jpg 1024w, https:\/\/www.sb-erdbau.at\/wp-content\/uploads\/2020\/02\/32-300x169.jpg 300w, https:\/\/www.sb-erdbau.at\/wp-content\/uploads\/2020\/02\/32-768x432.jpg 768w, https:\/\/www.sb-erdbau.at\/wp-content\/uploads\/2020\/02\/32-1536x864.jpg 1536w, https:\/\/www.sb-erdbau.at\/wp-content\/uploads\/2020\/02\/32.jpg 1920w\" sizes=\"(max-width: 706px) 89vw, (max-width: 767px) 82vw, 740px\" \/><\/figure><\/li><\/ul><\/figure>\n","protected":false},"excerpt":{"rendered":"<p>Mit unseren verschiedenen Maschinen und Ger\u00e4ten sind wir bestens ger\u00fcstet um auf Ihr Bauvorhaben einzugehen. Die Bagger von 1,9 bis 14 to sind neben den Grabl\u00f6ffeln auch mit Hydraulikhammer, Sortiergreifer und anderen Anbauger\u00e4ten ausgestattet. Folgende Leistungen k\u00f6nnen somit bestens ausgef\u00fchrt werden: \u25cf Aushub\u25cf Abbruch\u25cf Drainagierungen\u25cf Leitungsbau\u25cf Gel\u00e4ndekorrektur\u25cf Stra\u00dfenbau\u25cf Planierungen Wir sind auch in der Lage &hellip; <\/p>\n<p class=\"link-more\"><a href=\"https:\/\/www.sb-erdbau.at\/?page_id=687\" class=\"more-link\"><span class=\"screen-reader-text\">\u201eBaggerarbeiten\u201c<\/span> weiterlesen<\/a><\/p>\n","protected":false},"author":1,"featured_media":0,"parent":0,"menu_order":0,"comment_status":"closed","ping_status":"closed","template":"","meta":{"_acf_changed":false,"footnotes":""},"class_list":["post-687","page","type-page","status-publish","hentry"],"acf":[],"_links":{"self":[{"href":"https:\/\/www.sb-erdbau.at\/index.php?rest_route=\/wp\/v2\/pages\/687"}],"collection":[{"href":"https:\/\/www.sb-erdbau.at\/index.php?rest_route=\/wp\/v2\/pages"}],"about":[{"href":"https:\/\/www.sb-erdbau.at\/index.php?rest_route=\/wp\/v2\/types\/page"}],"author":[{"embeddable":true,"href":"https:\/\/www.sb-erdbau.at\/index.php?rest_route=\/wp\/v2\/users\/1"}],"replies":[{"embeddable":true,"href":"https:\/\/www.sb-erdbau.at\/index.php?rest_route=%2Fwp%2Fv2%2Fcomments&post=687"}],"version-history":[{"count":37,"href":"https:\/\/www.sb-erdbau.at\/index.php?rest_route=\/wp\/v2\/pages\/687\/revisions"}],"predecessor-version":[{"id":787,"href":"https:\/\/www.sb-erdbau.at\/index.php?rest_route=\/wp\/v2\/pages\/687\/revisions\/787"}],"wp:attachment":[{"href":"https:\/\/www.sb-erdbau.at\/index.php?rest_route=%2Fwp%2Fv2%2Fmedia&parent=687"}],"curies":[{"name":"wp","href":"https:\/\/api.w.org\/{rel}","templated":true}]}}