{"id":450,"date":"2020-02-13T13:42:23","date_gmt":"2020-02-13T12:42:23","guid":{"rendered":"http:\/\/www.sb-erdbau.at\/?page_id=450"},"modified":"2021-03-06T11:17:01","modified_gmt":"2021-03-06T10:17:01","slug":"gesiebte-erde","status":"publish","type":"page","link":"https:\/\/www.sb-erdbau.at\/?page_id=450","title":{"rendered":"Rasenbearbeitung"},"content":{"rendered":"\n<figure class=\"wp-block-image size-large\"><img loading=\"lazy\" decoding=\"async\" width=\"722\" height=\"576\" src=\"http:\/\/www.sb-erdbau.at\/wp-content\/uploads\/2021\/03\/Rasen.png\" alt=\"\" class=\"wp-image-873\" srcset=\"https:\/\/www.sb-erdbau.at\/wp-content\/uploads\/2021\/03\/Rasen.png 722w, https:\/\/www.sb-erdbau.at\/wp-content\/uploads\/2021\/03\/Rasen-300x239.png 300w\" sizes=\"(max-width: 722px) 100vw, 722px\" \/><\/figure>\n\n\n\n<hr class=\"wp-block-separator is-style-wide\"\/>\n\n\n\n<h2 class=\"has-very-dark-gray-color has-text-color wp-block-heading\">Siebl\u00f6ffel<\/h2>\n\n\n\n<figure class=\"wp-block-video\"><video controls poster=\"http:\/\/www.sb-erdbau.at\/wp-content\/uploads\/2020\/02\/Sieben.jpg\" src=\"http:\/\/www.sb-erdbau.at\/wp-content\/uploads\/2020\/01\/Siebl\u00f6ffel.mp4\"><\/video><\/figure>\n\n\n\n<p>Nach Abtragung der oberen Bodenschicht wird das Material mit dem Siebl\u00f6ffel bearbeitet. Bei diesem Arbeitsschritt werden alle gr\u00f6\u00dfere feste K\u00f6rper (Steine, Rasenfetzen, bodenfremde Materialien,&#8230;), die sich im Erdmaterial befinden aussortiert. \u00dcbrig bleibt die feine und leicht weiterverarbeitbare Erde.<br>Diese bearbeitung des Bodens erleichtert den sp\u00e4tern Arbeitsverlauf, wenn zB ein neuer Rasen angebaut werden soll. Nachhaltig ergibt sich auch der Vorteil, dass man keine Hindernissen wie gro\u00dfe Steine bei Bodenfr\u00e4sarbeiten im Garten hat.<\/p>\n\n\n\n<hr class=\"wp-block-separator is-style-wide\"\/>\n\n\n\n<h2 class=\"has-very-dark-gray-color has-text-color wp-block-heading\">Gesiebte Erde<\/h2>\n\n\n\n<p>Bei uns trocken gelagert sind Kleinmengen bis mehrere m\u00b3 auf Anfrage verf\u00fcgbar.<br>Nat\u00fcrlich sieben wir Ihr Erdmaterial auch vor Ort ab. <\/p>\n\n\n\n<div class=\"wp-block-image is-style-default\"><figure class=\"aligncenter size-large\"><img loading=\"lazy\" decoding=\"async\" width=\"1024\" height=\"576\" src=\"http:\/\/www.sb-erdbau.at\/wp-content\/uploads\/2021\/01\/gesiebte-Erde-1024x576.jpg\" alt=\"gesiebte Erde\" class=\"wp-image-845\" srcset=\"https:\/\/www.sb-erdbau.at\/wp-content\/uploads\/2021\/01\/gesiebte-Erde-1024x576.jpg 1024w, https:\/\/www.sb-erdbau.at\/wp-content\/uploads\/2021\/01\/gesiebte-Erde-300x169.jpg 300w, https:\/\/www.sb-erdbau.at\/wp-content\/uploads\/2021\/01\/gesiebte-Erde-768x432.jpg 768w, https:\/\/www.sb-erdbau.at\/wp-content\/uploads\/2021\/01\/gesiebte-Erde-1536x864.jpg 1536w, https:\/\/www.sb-erdbau.at\/wp-content\/uploads\/2021\/01\/gesiebte-Erde.jpg 1921w\" sizes=\"(max-width: 706px) 89vw, (max-width: 767px) 82vw, 740px\" \/><\/figure><\/div>\n\n\n\n<hr class=\"wp-block-separator is-style-wide\"\/>\n\n\n\n<h2 class=\"has-very-dark-gray-color has-text-color wp-block-heading\">Gartenfr\u00e4se &#8222;K\u00f6ppl&#8220;<\/h2>\n\n\n\n<div class=\"wp-block-media-text alignwide has-media-on-the-right is-vertically-aligned-top\"><figure class=\"wp-block-media-text__media\"><video controls src=\"http:\/\/www.sb-erdbau.at\/wp-content\/uploads\/2021\/01\/20200519_100815-2.mp4\"><\/video><\/figure><div class=\"wp-block-media-text__content\">\n<p class=\"has-normal-font-size\">  Zum Fr\u00e4sen von Erdreich mit Steinen und hohem Gras. Durch die spezielle  Funktion der Fr\u00e4se, die sich entgegengesetzt zur Fahrtrichtung der  R\u00e4der bewegt, wird das gefr\u00e4ste Erdreich auf ein Sieb geworfen, so dass  Steine und grobe Pflanzenreste von der fein zerkr\u00fcmelten Erde getrennt  werden, die dadurch als Deckschicht \u00fcber diese gr\u00f6beren Teile verteilt  wird. Auf diese Weise entsteht ein Saatbeet ohne Steine und andere  st\u00f6rende Objekte.  <\/p>\n<\/div><\/div>\n","protected":false},"excerpt":{"rendered":"<p>Siebl\u00f6ffel Nach Abtragung der oberen Bodenschicht wird das Material mit dem Siebl\u00f6ffel bearbeitet. Bei diesem Arbeitsschritt werden alle gr\u00f6\u00dfere feste K\u00f6rper (Steine, Rasenfetzen, bodenfremde Materialien,&#8230;), die sich im Erdmaterial befinden aussortiert. \u00dcbrig bleibt die feine und leicht weiterverarbeitbare Erde.Diese bearbeitung des Bodens erleichtert den sp\u00e4tern Arbeitsverlauf, wenn zB ein neuer Rasen angebaut werden soll. Nachhaltig &hellip; <\/p>\n<p class=\"link-more\"><a href=\"https:\/\/www.sb-erdbau.at\/?page_id=450\" class=\"more-link\"><span class=\"screen-reader-text\">\u201eRasenbearbeitung\u201c<\/span> weiterlesen<\/a><\/p>\n","protected":false},"author":1,"featured_media":0,"parent":0,"menu_order":0,"comment_status":"closed","ping_status":"closed","template":"","meta":{"_acf_changed":false,"footnotes":""},"class_list":["post-450","page","type-page","status-publish","hentry"],"acf":[],"_links":{"self":[{"href":"https:\/\/www.sb-erdbau.at\/index.php?rest_route=\/wp\/v2\/pages\/450"}],"collection":[{"href":"https:\/\/www.sb-erdbau.at\/index.php?rest_route=\/wp\/v2\/pages"}],"about":[{"href":"https:\/\/www.sb-erdbau.at\/index.php?rest_route=\/wp\/v2\/types\/page"}],"author":[{"embeddable":true,"href":"https:\/\/www.sb-erdbau.at\/index.php?rest_route=\/wp\/v2\/users\/1"}],"replies":[{"embeddable":true,"href":"https:\/\/www.sb-erdbau.at\/index.php?rest_route=%2Fwp%2Fv2%2Fcomments&post=450"}],"version-history":[{"count":38,"href":"https:\/\/www.sb-erdbau.at\/index.php?rest_route=\/wp\/v2\/pages\/450\/revisions"}],"predecessor-version":[{"id":876,"href":"https:\/\/www.sb-erdbau.at\/index.php?rest_route=\/wp\/v2\/pages\/450\/revisions\/876"}],"wp:attachment":[{"href":"https:\/\/www.sb-erdbau.at\/index.php?rest_route=%2Fwp%2Fv2%2Fmedia&parent=450"}],"curies":[{"name":"wp","href":"https:\/\/api.w.org\/{rel}","templated":true}]}}